{"id":1034,"date":"2023-05-17T14:01:44","date_gmt":"2023-05-17T12:01:44","guid":{"rendered":"http:\/\/auberge-des-4-chemins.fr\/index.php\/accueil-espanol\/"},"modified":"2023-08-31T16:37:54","modified_gmt":"2023-08-31T14:37:54","slug":"accueil-espanol","status":"publish","type":"page","link":"https:\/\/auberge-des-4-chemins.fr\/index.php\/es\/accueil-espanol\/","title":{"rendered":"Bienvenido"},"content":{"rendered":"\n<div style=\"height:84px\" aria-hidden=\"true\" class=\"wp-block-spacer\"><\/div>\n\n\n\n<div class=\"wp-block-cover alignfull is-light has-white-color has-text-color\"><span aria-hidden=\"true\" class=\"wp-block-cover__background has-black-background-color has-background-dim-30 has-background-dim\"><\/span><img decoding=\"async\" loading=\"lazy\" width=\"640\" height=\"480\" class=\"wp-block-cover__image-background wp-image-369\" alt=\"\" src=\"http:\/\/auberge-des-4-chemins.fr\/wp-content\/uploads\/2023\/04\/image1.png\" style=\"object-position:51% 51%\" data-object-fit=\"cover\" data-object-position=\"51% 51%\" srcset=\"https:\/\/auberge-des-4-chemins.fr\/wp-content\/uploads\/2023\/04\/image1.png 640w, https:\/\/auberge-des-4-chemins.fr\/wp-content\/uploads\/2023\/04\/image1-300x225.png 300w, https:\/\/auberge-des-4-chemins.fr\/wp-content\/uploads\/2023\/04\/image1-133x100.png 133w\" sizes=\"(max-width: 640px) 100vw, 640px\" \/><div class=\"wp-block-cover__inner-container\">\n<hr class=\"wp-block-separator has-text-color has-white-color has-alpha-channel-opacity has-white-background-color has-background is-style-wide\"\/>\n\n\n\n<div style=\"height:77px\" aria-hidden=\"true\" class=\"wp-block-spacer\"><\/div>\n\n\n\n<div class=\"wp-block-group has-large-font-size is-layout-constrained\"><div class=\"wp-block-group__inner-container\">\n<h2 class=\"wp-block-heading has-text-align-center has-white-color has-text-color has-large-font-size\" style=\"font-style:normal;font-weight:500\">\u00a1Bienvenido!<\/h2>\n<\/div><\/div>\n\n\n\n<div style=\"height:76px\" aria-hidden=\"true\" class=\"wp-block-spacer\"><\/div>\n\n\n\n<hr class=\"wp-block-separator has-text-color has-white-color has-alpha-channel-opacity has-white-background-color has-background is-style-wide\"\/>\n<\/div><\/div>\n\n\n\n<div style=\"height:20px\" aria-hidden=\"true\" class=\"wp-block-spacer\"><\/div>\n\n\n\n<div style=\"height:20px\" aria-hidden=\"true\" class=\"wp-block-spacer\"><\/div>\n\n\n\n<h6 class=\"wp-block-heading has-text-align-center has-luminous-vivid-orange-color has-text-color has-small-font-size\" style=\"font-style:normal;font-weight:500\"><strong>Bienvienido a la Auberge des 4 Chemins<\/strong><\/h6>\n\n\n\n<p>Estamos encantados darle la bienvenida a nuestro restaurante. Venga a disfrutar de un buen rato, en la sala o en la terraza durante los d\u00edas agradables.<\/p>\n\n\n\n<div style=\"height:20px\" aria-hidden=\"true\" class=\"wp-block-spacer\"><\/div>\n\n\n\n<div class=\"wp-block-cover aligncenter\" style=\"min-height:354px\" id=\"URL-auberge-des-4-chemins.fr\/index.php\/menu\/\"><span aria-hidden=\"true\" class=\"wp-block-cover__background has-background-dim\"><\/span><img decoding=\"async\" loading=\"lazy\" width=\"640\" height=\"480\" class=\"wp-block-cover__image-background wp-image-375\" alt=\"\" src=\"http:\/\/auberge-des-4-chemins.fr\/wp-content\/uploads\/2023\/04\/image.png\" data-object-fit=\"cover\" srcset=\"https:\/\/auberge-des-4-chemins.fr\/wp-content\/uploads\/2023\/04\/image.png 640w, https:\/\/auberge-des-4-chemins.fr\/wp-content\/uploads\/2023\/04\/image-300x225.png 300w, https:\/\/auberge-des-4-chemins.fr\/wp-content\/uploads\/2023\/04\/image-133x100.png 133w\" sizes=\"(max-width: 640px) 100vw, 640px\" \/><div class=\"wp-block-cover__inner-container\">\n<div style=\"height:8px\" aria-hidden=\"true\" class=\"wp-block-spacer\"><\/div>\n\n\n\n<hr class=\"wp-block-separator has-text-color has-white-color has-alpha-channel-opacity has-white-background-color has-background is-style-wide\"\/>\n\n\n\n<h4 class=\"wp-block-heading has-text-align-center has-large-font-size\" style=\"font-style:normal;font-weight:500;text-transform:none\">\u00a1Descubrid nuestro men\u00fa!<\/h4>\n\n\n\n<h6 class=\"wp-block-heading has-text-align-center has-large-font-size\" style=\"font-style:normal;font-weight:500;text-transform:none\"><a href=\"http:\/\/auberge-des-4-chemins.fr\/index.php\/es\/menu-3\/\">\ud83c\udf7d\ufe0f<\/a><\/h6>\n\n\n\n<div style=\"height:0px\" aria-hidden=\"true\" class=\"wp-block-spacer\"><\/div>\n\n\n\n<hr class=\"wp-block-separator has-text-color has-white-color has-alpha-channel-opacity has-white-background-color has-background is-style-wide\"\/>\n<\/div><\/div>\n\n\n\n<p>Nuestro restaurante le ofrece un men\u00fa de cocina francesa. Nuestro men\u00fa cambia cada d\u00eda seg\u00fan la inspiraci\u00f3n del chef, para satisfacerle al m\u00e1ximo. <\/p>\n\n\n\n<div style=\"height:32px\" aria-hidden=\"true\" class=\"wp-block-spacer\"><\/div>\n\n\n\n<h4 class=\"wp-block-heading has-text-align-center has-luminous-vivid-orange-color has-text-color has-medium-font-size\" style=\"font-style:normal;font-weight:500\"><strong>Nuestro men\u00fa a partir de 13\u20ac50<\/strong><\/h4>\n\n\n\n<div style=\"height:20px\" aria-hidden=\"true\" class=\"wp-block-spacer\"><\/div>\n\n\n\n<div class=\"wp-block-columns alignwide is-layout-flex wp-container-5\">\n<div class=\"wp-block-column is-layout-flow\">\n<h6 class=\"wp-block-heading has-text-align-center has-medium-font-size\" style=\"font-style:normal;font-weight:500;text-transform:none\">Buf\u00e9 de entradas<\/h6>\n<\/div>\n\n\n\n<div class=\"wp-block-column is-layout-flow\">\n<h6 class=\"wp-block-heading has-text-align-center has-medium-font-size\" style=\"font-style:normal;font-weight:500;text-transform:none\">Plato del d\u00eda<\/h6>\n<\/div>\n\n\n\n<div class=\"wp-block-column is-layout-flow\">\n<h6 class=\"wp-block-heading has-text-align-center has-medium-font-size\" style=\"font-style:normal;font-weight:500;text-transform:capitalize\">Postre <\/h6>\n<\/div>\n<\/div>\n\n\n\n<hr class=\"wp-block-separator has-text-color has-black-color has-alpha-channel-opacity has-black-background-color has-background\"\/>\n\n\n\n<div class=\"wp-block-cover alignfull\" style=\"padding-top:0;padding-right:0;padding-bottom:0;padding-left:0;min-height:50px\"><span aria-hidden=\"true\" class=\"wp-block-cover__background has-black-background-color has-background-dim\"><\/span><img decoding=\"async\" loading=\"lazy\" width=\"480\" height=\"480\" class=\"wp-block-cover__image-background wp-image-458\" alt=\"\" src=\"http:\/\/auberge-des-4-chemins.fr\/wp-content\/uploads\/2023\/04\/jardin.png\" style=\"object-position:52% 82%\" data-object-fit=\"cover\" data-object-position=\"52% 82%\" srcset=\"https:\/\/auberge-des-4-chemins.fr\/wp-content\/uploads\/2023\/04\/jardin.png 480w, https:\/\/auberge-des-4-chemins.fr\/wp-content\/uploads\/2023\/04\/jardin-300x300.png 300w, https:\/\/auberge-des-4-chemins.fr\/wp-content\/uploads\/2023\/04\/jardin-150x150.png 150w, https:\/\/auberge-des-4-chemins.fr\/wp-content\/uploads\/2023\/04\/jardin-90x90.png 90w, https:\/\/auberge-des-4-chemins.fr\/wp-content\/uploads\/2023\/04\/jardin-100x100.png 100w\" sizes=\"(max-width: 480px) 100vw, 480px\" \/><div class=\"wp-block-cover__inner-container\">\n<p class=\"has-text-align-center\"><\/p>\n\n\n\n<p class=\"has-text-align-center has-white-color has-text-color\" style=\"font-size:36px\"><strong>Auberge des 4 Chemins<\/strong><\/p>\n\n\n\n<div style=\"height:32px\" aria-hidden=\"true\" class=\"wp-block-spacer desktop-only\"><\/div>\n\n\n\n<div class=\"wp-block-columns is-layout-flex wp-container-8\">\n<div class=\"wp-block-column is-layout-flow\">\n<h5 class=\"wp-block-heading has-text-align-center has-white-color has-text-color\"><strong>Horarios de apertura<\/strong><\/h5>\n\n\n\n<p class=\"has-text-align-center has-small-font-size\">Lunes&nbsp;&#8211; Viernes : 9h &#8211; 16h<br><\/p>\n<\/div>\n\n\n\n<div class=\"wp-block-column is-layout-flow\">\n<h5 class=\"wp-block-heading has-text-align-center\">Reservaci\u00f3n<\/h5>\n\n\n\n<p class=\"has-text-align-center has-small-font-size\">02 51 61 69 31<\/p>\n\n\n\n<p class=\"has-text-align-center has-small-font-size\">contact@auberge-des-4-chemins.fr<br><\/p>\n<\/div>\n<\/div>\n<\/div><\/div>\n","protected":false},"excerpt":{"rendered":"<p>Bienvienido a la Auberge des 4 Chemins Estamos encantados darle la bienvenida a nuestro restaurante. Venga a disfrutar de un buen rato, en la sala o en la terraza durante los d\u00edas agradables. Nuestro restaurante le ofrece un men\u00fa de cocina francesa. Nuestro men\u00fa cambia cada d\u00eda seg\u00fan la inspiraci\u00f3n del chef, para satisfacerle al [&hellip;]<\/p>\n","protected":false},"author":1,"featured_media":0,"parent":0,"menu_order":0,"comment_status":"closed","ping_status":"closed","template":"","meta":[],"_links":{"self":[{"href":"https:\/\/auberge-des-4-chemins.fr\/index.php\/wp-json\/wp\/v2\/pages\/1034"}],"collection":[{"href":"https:\/\/auberge-des-4-chemins.fr\/index.php\/wp-json\/wp\/v2\/pages"}],"about":[{"href":"https:\/\/auberge-des-4-chemins.fr\/index.php\/wp-json\/wp\/v2\/types\/page"}],"author":[{"embeddable":true,"href":"https:\/\/auberge-des-4-chemins.fr\/index.php\/wp-json\/wp\/v2\/users\/1"}],"replies":[{"embeddable":true,"href":"https:\/\/auberge-des-4-chemins.fr\/index.php\/wp-json\/wp\/v2\/comments?post=1034"}],"version-history":[{"count":8,"href":"https:\/\/auberge-des-4-chemins.fr\/index.php\/wp-json\/wp\/v2\/pages\/1034\/revisions"}],"predecessor-version":[{"id":1181,"href":"https:\/\/auberge-des-4-chemins.fr\/index.php\/wp-json\/wp\/v2\/pages\/1034\/revisions\/1181"}],"wp:attachment":[{"href":"https:\/\/auberge-des-4-chemins.fr\/index.php\/wp-json\/wp\/v2\/media?parent=1034"}],"curies":[{"name":"wp","href":"https:\/\/api.w.org\/{rel}","templated":true}]}}