{"id":154,"date":"2023-03-06T08:32:50","date_gmt":"2023-03-06T07:32:50","guid":{"rendered":"http:\/\/172.26.74.185\/?page_id=154"},"modified":"2023-05-17T15:54:21","modified_gmt":"2023-05-17T13:54:21","slug":"a-proposito-de-nosotros-2","status":"publish","type":"page","link":"https:\/\/auberge-des-4-chemins.fr\/index.php\/es\/a-proposito-de-nosotros-2\/","title":{"rendered":"A prop\u00f3sito de nosotros"},"content":{"rendered":"\n<p class=\"has-primary-color has-text-color\">Situada en Les Essarts-en-Bocage, en el coraz\u00f3n de la Vend\u00e9e, a unos 20 minutos del famoso parque tem\u00e1tico Puy-du-Fou, los empleados de la Auberge des 4 Chemins estar\u00e1 encantado recibirle para ofrecerle una comida familiar y gourmet <strong>todos los d\u00edas de Lunes a Viernes<\/strong>. Una merecida pausa antes de retomar el camino, volver al trabajo o hacer turismo por nuestra hermosa regi\u00f3n.<\/p>\n\n\n<div class=\"wp-block-image\">\n<figure class=\"aligncenter size-full\"><img decoding=\"async\" loading=\"lazy\" width=\"1024\" height=\"768\" src=\"https:\/\/auberge-des-4-chemins.fr\/wp-content\/uploads\/2023\/05\/aubergedes4chemins-essartsenbocage-85-res-1.jpg\" alt=\"\" class=\"wp-image-1022\" srcset=\"https:\/\/auberge-des-4-chemins.fr\/wp-content\/uploads\/2023\/05\/aubergedes4chemins-essartsenbocage-85-res-1.jpg 1024w, https:\/\/auberge-des-4-chemins.fr\/wp-content\/uploads\/2023\/05\/aubergedes4chemins-essartsenbocage-85-res-1-300x225.jpg 300w, https:\/\/auberge-des-4-chemins.fr\/wp-content\/uploads\/2023\/05\/aubergedes4chemins-essartsenbocage-85-res-1-768x576.jpg 768w, https:\/\/auberge-des-4-chemins.fr\/wp-content\/uploads\/2023\/05\/aubergedes4chemins-essartsenbocage-85-res-1-133x100.jpg 133w\" sizes=\"(max-width: 1024px) 100vw, 1024px\" \/><\/figure><\/div>","protected":false},"excerpt":{"rendered":"<p>Situada en Les Essarts-en-Bocage, en el coraz\u00f3n de la Vend\u00e9e, a unos 20 minutos del famoso parque tem\u00e1tico Puy-du-Fou, los empleados de la Auberge des 4 Chemins estar\u00e1 encantado recibirle para ofrecerle una comida familiar y gourmet todos los d\u00edas de Lunes a Viernes. Una merecida pausa antes de retomar el camino, volver al trabajo [&hellip;]<\/p>\n","protected":false},"author":40,"featured_media":0,"parent":0,"menu_order":0,"comment_status":"closed","ping_status":"closed","template":"","meta":[],"_links":{"self":[{"href":"https:\/\/auberge-des-4-chemins.fr\/index.php\/wp-json\/wp\/v2\/pages\/154"}],"collection":[{"href":"https:\/\/auberge-des-4-chemins.fr\/index.php\/wp-json\/wp\/v2\/pages"}],"about":[{"href":"https:\/\/auberge-des-4-chemins.fr\/index.php\/wp-json\/wp\/v2\/types\/page"}],"author":[{"embeddable":true,"href":"https:\/\/auberge-des-4-chemins.fr\/index.php\/wp-json\/wp\/v2\/users\/40"}],"replies":[{"embeddable":true,"href":"https:\/\/auberge-des-4-chemins.fr\/index.php\/wp-json\/wp\/v2\/comments?post=154"}],"version-history":[{"count":2,"href":"https:\/\/auberge-des-4-chemins.fr\/index.php\/wp-json\/wp\/v2\/pages\/154\/revisions"}],"predecessor-version":[{"id":1149,"href":"https:\/\/auberge-des-4-chemins.fr\/index.php\/wp-json\/wp\/v2\/pages\/154\/revisions\/1149"}],"wp:attachment":[{"href":"https:\/\/auberge-des-4-chemins.fr\/index.php\/wp-json\/wp\/v2\/media?parent=154"}],"curies":[{"name":"wp","href":"https:\/\/api.w.org\/{rel}","templated":true}]}}