{"id":158,"date":"2023-03-06T08:33:11","date_gmt":"2023-03-06T07:33:11","guid":{"rendered":"http:\/\/172.26.74.185\/?page_id=158"},"modified":"2023-05-17T16:00:41","modified_gmt":"2023-05-17T14:00:41","slug":"contacto-2","status":"publish","type":"page","link":"https:\/\/auberge-des-4-chemins.fr\/index.php\/es\/contacto-2\/","title":{"rendered":"Contacto"},"content":{"rendered":"\n<p>E-mail : contact@auberge-des-4-chemins.fr<\/p>\n\n\n\n<p>N\u00famero de tel\u00e9fono : (+33)2 51 61 69 31<\/p>\n\n\n\n<p>Direcci\u00f3n : <\/p>\n\n\n\n<div class=\"wp-block-group is-layout-constrained\" style=\"line-height:0.1\"><div class=\"wp-block-group__inner-container\">\n<p>&nbsp;&nbsp;&nbsp;&nbsp;&nbsp;&nbsp;&nbsp; Auberge des 4 Chemins<\/p>\n<p>&nbsp;&nbsp;&nbsp;&nbsp;&nbsp;&nbsp;&nbsp; 1 les 4 Chemins, Ste Florence<\/p>\n<p>&nbsp;&nbsp;&nbsp;&nbsp;&nbsp;&nbsp;&nbsp; 85140 Essarts en Bocage<\/p>\n<p><\/p>\n<\/div><\/div>\n\n\n\n<ul class=\"wp-block-social-links is-layout-flex\"><li class=\"wp-social-link wp-social-link-facebook wp-block-social-link\"><a href=\"https:\/\/www.facebook.com\/les4chemins85140\/?locale=fr_FR\" class=\"wp-block-social-link-anchor\"><svg width=\"24\" height=\"24\" viewBox=\"0 0 24 24\" version=\"1.1\" xmlns=\"http:\/\/www.w3.org\/2000\/svg\" aria-hidden=\"true\" focusable=\"false\"><path d=\"M12 2C6.5 2 2 6.5 2 12c0 5 3.7 9.1 8.4 9.9v-7H7.9V12h2.5V9.8c0-2.5 1.5-3.9 3.8-3.9 1.1 0 2.2.2 2.2.2v2.5h-1.3c-1.2 0-1.6.8-1.6 1.6V12h2.8l-.4 2.9h-2.3v7C18.3 21.1 22 17 22 12c0-5.5-4.5-10-10-10z\"><\/path><\/svg><span class=\"wp-block-social-link-label screen-reader-text\">Facebook<\/span><\/a><\/li><\/ul>\n\n\n\n<iframe src=\"https:\/\/www.google.com\/maps\/embed?pb=!1m17!1m12!1m3!1d2730.7024550267647!2d-1.1417516238919267!3d46.81016677112787!2m3!1f0!2f0!3f0!3m2!1i1024!2i768!4f13.1!3m2!1m1!2zNDbCsDQ4JzM2LjYiTiAxwrAwOCcyMS4wIlc!5e0!3m2!1sfr!2sfr!4v1684331944933!5m2!1sfr!2sfr\" width=\"600\" height=\"450\" style=\"border:0;\" allowfullscreen=\"\" loading=\"lazy\" referrerpolicy=\"no-referrer-when-downgrade\"><\/iframe>\n","protected":false},"excerpt":{"rendered":"<p>E-mail : contact@auberge-des-4-chemins.fr N\u00famero de tel\u00e9fono : (+33)2 51 61 69 31 Direcci\u00f3n : &nbsp;&nbsp;&nbsp;&nbsp;&nbsp;&nbsp;&nbsp; Auberge des 4 Chemins &nbsp;&nbsp;&nbsp;&nbsp;&nbsp;&nbsp;&nbsp; 1 les 4 Chemins, Ste Florence &nbsp;&nbsp;&nbsp;&nbsp;&nbsp;&nbsp;&nbsp; 85140 Essarts en Bocage<\/p>\n","protected":false},"author":40,"featured_media":0,"parent":0,"menu_order":0,"comment_status":"closed","ping_status":"closed","template":"","meta":[],"_links":{"self":[{"href":"https:\/\/auberge-des-4-chemins.fr\/index.php\/wp-json\/wp\/v2\/pages\/158"}],"collection":[{"href":"https:\/\/auberge-des-4-chemins.fr\/index.php\/wp-json\/wp\/v2\/pages"}],"about":[{"href":"https:\/\/auberge-des-4-chemins.fr\/index.php\/wp-json\/wp\/v2\/types\/page"}],"author":[{"embeddable":true,"href":"https:\/\/auberge-des-4-chemins.fr\/index.php\/wp-json\/wp\/v2\/users\/40"}],"replies":[{"embeddable":true,"href":"https:\/\/auberge-des-4-chemins.fr\/index.php\/wp-json\/wp\/v2\/comments?post=158"}],"version-history":[{"count":2,"href":"https:\/\/auberge-des-4-chemins.fr\/index.php\/wp-json\/wp\/v2\/pages\/158\/revisions"}],"predecessor-version":[{"id":1153,"href":"https:\/\/auberge-des-4-chemins.fr\/index.php\/wp-json\/wp\/v2\/pages\/158\/revisions\/1153"}],"wp:attachment":[{"href":"https:\/\/auberge-des-4-chemins.fr\/index.php\/wp-json\/wp\/v2\/media?parent=158"}],"curies":[{"name":"wp","href":"https:\/\/api.w.org\/{rel}","templated":true}]}}