{"id":64,"date":"2023-02-27T09:15:24","date_gmt":"2023-02-27T08:15:24","guid":{"rendered":"http:\/\/172.26.74.185\/?page_id=64"},"modified":"2023-05-14T17:22:24","modified_gmt":"2023-05-14T15:22:24","slug":"a-propos","status":"publish","type":"page","link":"https:\/\/auberge-des-4-chemins.fr\/index.php\/a-propos\/","title":{"rendered":"\u00c0 propos"},"content":{"rendered":"\n<p class=\"has-primary-color has-text-color\">Situ\u00e9e aux Essarts-en-Bocage au c\u0153ur de la Vend\u00e9e (85), \u00e0 environ 20 minutes du parc \u00e0 th\u00e8me du Puy-du-Fou, l\u2019Auberge des 4 Chemins sera ravie de vous accueillir <strong>chaque midi du lundi au vendredi<\/strong>. Une pause bien m\u00e9rit\u00e9e avant de reprendre la route, de retourner travailler ou de partir en balade touristique dans notre belle r\u00e9gion.<\/p>\n\n\n<div class=\"wp-block-image\">\n<figure class=\"aligncenter size-full\"><img decoding=\"async\" loading=\"lazy\" width=\"1024\" height=\"768\" src=\"https:\/\/auberge-des-4-chemins.fr\/wp-content\/uploads\/2023\/05\/aubergedes4chemins-essartsenbocage-85-res.jpg\" alt=\"\" class=\"wp-image-1020\" srcset=\"https:\/\/auberge-des-4-chemins.fr\/wp-content\/uploads\/2023\/05\/aubergedes4chemins-essartsenbocage-85-res.jpg 1024w, https:\/\/auberge-des-4-chemins.fr\/wp-content\/uploads\/2023\/05\/aubergedes4chemins-essartsenbocage-85-res-300x225.jpg 300w, https:\/\/auberge-des-4-chemins.fr\/wp-content\/uploads\/2023\/05\/aubergedes4chemins-essartsenbocage-85-res-768x576.jpg 768w, https:\/\/auberge-des-4-chemins.fr\/wp-content\/uploads\/2023\/05\/aubergedes4chemins-essartsenbocage-85-res-133x100.jpg 133w\" sizes=\"(max-width: 1024px) 100vw, 1024px\" \/><\/figure><\/div>","protected":false},"excerpt":{"rendered":"<p>Situ\u00e9e aux Essarts-en-Bocage au c\u0153ur de la Vend\u00e9e (85), \u00e0 environ 20 minutes du parc \u00e0 th\u00e8me du Puy-du-Fou, l\u2019Auberge des 4 Chemins sera ravie de vous accueillir chaque midi du lundi au vendredi. Une pause bien m\u00e9rit\u00e9e avant de reprendre la route, de retourner travailler ou de partir en balade touristique dans notre belle [&hellip;]<\/p>\n","protected":false},"author":40,"featured_media":0,"parent":0,"menu_order":0,"comment_status":"closed","ping_status":"closed","template":"","meta":[],"_links":{"self":[{"href":"https:\/\/auberge-des-4-chemins.fr\/index.php\/wp-json\/wp\/v2\/pages\/64"}],"collection":[{"href":"https:\/\/auberge-des-4-chemins.fr\/index.php\/wp-json\/wp\/v2\/pages"}],"about":[{"href":"https:\/\/auberge-des-4-chemins.fr\/index.php\/wp-json\/wp\/v2\/types\/page"}],"author":[{"embeddable":true,"href":"https:\/\/auberge-des-4-chemins.fr\/index.php\/wp-json\/wp\/v2\/users\/40"}],"replies":[{"embeddable":true,"href":"https:\/\/auberge-des-4-chemins.fr\/index.php\/wp-json\/wp\/v2\/comments?post=64"}],"version-history":[{"count":1,"href":"https:\/\/auberge-des-4-chemins.fr\/index.php\/wp-json\/wp\/v2\/pages\/64\/revisions"}],"predecessor-version":[{"id":1021,"href":"https:\/\/auberge-des-4-chemins.fr\/index.php\/wp-json\/wp\/v2\/pages\/64\/revisions\/1021"}],"wp:attachment":[{"href":"https:\/\/auberge-des-4-chemins.fr\/index.php\/wp-json\/wp\/v2\/media?parent=64"}],"curies":[{"name":"wp","href":"https:\/\/api.w.org\/{rel}","templated":true}]}}