{"id":84,"date":"2023-02-27T09:25:21","date_gmt":"2023-02-27T08:25:21","guid":{"rendered":"http:\/\/172.26.74.185\/?page_id=84"},"modified":"2023-05-17T14:15:46","modified_gmt":"2023-05-17T12:15:46","slug":"chi-siamo","status":"publish","type":"page","link":"https:\/\/auberge-des-4-chemins.fr\/index.php\/it\/chi-siamo\/","title":{"rendered":"Chi siamo"},"content":{"rendered":"\n<p>Situato a Les Essarts-en-Bocage, nel cuore della Vandea, a circa 20 minuti dal famoso parco tematico Puy-du-Fou, il team dell&#8217;Auberge des 4 Chemins sar\u00e0 lieto di accogliervi per un pasto gourmet in famiglia <strong>tutti i giorni dal luned\u00ec al venerd\u00ec<\/strong>. Una meritata pausa prima di rimettersi in viaggio, tornare al lavoro o fare una gita turistica nella nostra bella regione.<\/p>\n\n\n<div class=\"wp-block-image\">\n<figure class=\"aligncenter size-full\"><img decoding=\"async\" loading=\"lazy\" width=\"1024\" height=\"768\" src=\"https:\/\/auberge-des-4-chemins.fr\/wp-content\/uploads\/2023\/05\/aubergedes4chemins-essartsenbocage-85-res-3.jpg\" alt=\"\" class=\"wp-image-1026\" srcset=\"https:\/\/auberge-des-4-chemins.fr\/wp-content\/uploads\/2023\/05\/aubergedes4chemins-essartsenbocage-85-res-3.jpg 1024w, https:\/\/auberge-des-4-chemins.fr\/wp-content\/uploads\/2023\/05\/aubergedes4chemins-essartsenbocage-85-res-3-300x225.jpg 300w, https:\/\/auberge-des-4-chemins.fr\/wp-content\/uploads\/2023\/05\/aubergedes4chemins-essartsenbocage-85-res-3-768x576.jpg 768w, https:\/\/auberge-des-4-chemins.fr\/wp-content\/uploads\/2023\/05\/aubergedes4chemins-essartsenbocage-85-res-3-133x100.jpg 133w\" sizes=\"(max-width: 1024px) 100vw, 1024px\" \/><\/figure><\/div>","protected":false},"excerpt":{"rendered":"<p>Situato a Les Essarts-en-Bocage, nel cuore della Vandea, a circa 20 minuti dal famoso parco tematico Puy-du-Fou, il team dell&#8217;Auberge des 4 Chemins sar\u00e0 lieto di accogliervi per un pasto gourmet in famiglia tutti i giorni dal luned\u00ec al venerd\u00ec. Una meritata pausa prima di rimettersi in viaggio, tornare al lavoro o fare una gita [&hellip;]<\/p>\n","protected":false},"author":40,"featured_media":0,"parent":0,"menu_order":0,"comment_status":"closed","ping_status":"closed","template":"","meta":[],"_links":{"self":[{"href":"https:\/\/auberge-des-4-chemins.fr\/index.php\/wp-json\/wp\/v2\/pages\/84"}],"collection":[{"href":"https:\/\/auberge-des-4-chemins.fr\/index.php\/wp-json\/wp\/v2\/pages"}],"about":[{"href":"https:\/\/auberge-des-4-chemins.fr\/index.php\/wp-json\/wp\/v2\/types\/page"}],"author":[{"embeddable":true,"href":"https:\/\/auberge-des-4-chemins.fr\/index.php\/wp-json\/wp\/v2\/users\/40"}],"replies":[{"embeddable":true,"href":"https:\/\/auberge-des-4-chemins.fr\/index.php\/wp-json\/wp\/v2\/comments?post=84"}],"version-history":[{"count":1,"href":"https:\/\/auberge-des-4-chemins.fr\/index.php\/wp-json\/wp\/v2\/pages\/84\/revisions"}],"predecessor-version":[{"id":1027,"href":"https:\/\/auberge-des-4-chemins.fr\/index.php\/wp-json\/wp\/v2\/pages\/84\/revisions\/1027"}],"wp:attachment":[{"href":"https:\/\/auberge-des-4-chemins.fr\/index.php\/wp-json\/wp\/v2\/media?parent=84"}],"curies":[{"name":"wp","href":"https:\/\/api.w.org\/{rel}","templated":true}]}}