{"id":89,"date":"2023-02-27T09:27:20","date_gmt":"2023-02-27T08:27:20","guid":{"rendered":"http:\/\/172.26.74.185\/?page_id=89"},"modified":"2023-05-17T15:35:24","modified_gmt":"2023-05-17T13:35:24","slug":"horario","status":"publish","type":"page","link":"https:\/\/auberge-des-4-chemins.fr\/index.php\/it\/horario\/","title":{"rendered":"Ore di operazione"},"content":{"rendered":"\n<p>Aperto dal Luned\u00ec al Venerd\u00ec, dalle 9:00 alle 16:00. <\/p>\n\n\n\n<p>\u00c8 consigliata la prenotazione.<\/p>\n\n\n\n<p>Pranzi di gruppo possibili (su prenotazione).<\/p>\n","protected":false},"excerpt":{"rendered":"<p>Aperto dal Luned\u00ec al Venerd\u00ec, dalle 9:00 alle 16:00. \u00c8 consigliata la prenotazione. Pranzi di gruppo possibili (su prenotazione).<\/p>\n","protected":false},"author":40,"featured_media":0,"parent":0,"menu_order":0,"comment_status":"closed","ping_status":"closed","template":"","meta":[],"_links":{"self":[{"href":"https:\/\/auberge-des-4-chemins.fr\/index.php\/wp-json\/wp\/v2\/pages\/89"}],"collection":[{"href":"https:\/\/auberge-des-4-chemins.fr\/index.php\/wp-json\/wp\/v2\/pages"}],"about":[{"href":"https:\/\/auberge-des-4-chemins.fr\/index.php\/wp-json\/wp\/v2\/types\/page"}],"author":[{"embeddable":true,"href":"https:\/\/auberge-des-4-chemins.fr\/index.php\/wp-json\/wp\/v2\/users\/40"}],"replies":[{"embeddable":true,"href":"https:\/\/auberge-des-4-chemins.fr\/index.php\/wp-json\/wp\/v2\/comments?post=89"}],"version-history":[{"count":2,"href":"https:\/\/auberge-des-4-chemins.fr\/index.php\/wp-json\/wp\/v2\/pages\/89\/revisions"}],"predecessor-version":[{"id":1140,"href":"https:\/\/auberge-des-4-chemins.fr\/index.php\/wp-json\/wp\/v2\/pages\/89\/revisions\/1140"}],"wp:attachment":[{"href":"https:\/\/auberge-des-4-chemins.fr\/index.php\/wp-json\/wp\/v2\/media?parent=89"}],"curies":[{"name":"wp","href":"https:\/\/api.w.org\/{rel}","templated":true}]}}